{"id":76,"date":"2022-09-02T13:41:10","date_gmt":"2022-09-02T12:41:10","guid":{"rendered":"https:\/\/selvpublisering.forfatterskolen.no\/?page_id=76"},"modified":"2022-09-02T14:44:05","modified_gmt":"2022-09-02T13:44:05","slug":"landing","status":"publish","type":"page","link":"https:\/\/selvpublisering.forfatterskolen.no\/","title":{"rendered":"Landing"},"content":{"rendered":"<p><a data-id-d=\"0\" data-img-style=\"width: 100%;\"><img decoding=\"async\" src=\"https:\/\/selvpublisering.forfatterskolen.no\/wp-content\/uploads\/2022\/09\/logo1-3.jpg\" height=\"86\" width=\"297\" alt=\"\" style=\"width: 100%;\" loading=\"lazy\"><\/a><\/p>\n<h1>Vil du gi ut boken din selv?<\/h1>\n<p style=\"\"><strong>Vi hjelper deg videre!<\/strong><\/p>\n<h2 style=\"text-align: center;\">Tre muligheter<\/h2>\n<h6><a href=\"https:\/\/www.forfatterskolen.no\/course\" target=\"_blank\" style=\"outline: none;\" rel=\"noopener\">Redakt\u00f8r<\/a><\/h6>\n<p>En profesjonell redakt\u00f8r vil gi deg konkret tilbakemelding p\u00e5 hvordan du kan utvikle manuset, s\u00e5 det blir best mulig f\u00f8r publisering.<\/p>\n<h6><a href=\"https:\/\/www.forfatterskolen.no\/shop-manuscript\" target=\"_blank\" style=\"outline: none;\" rel=\"noopener\">Spr\u00e5kvask og korrektur<\/a><\/h6>\n<p>Trenger manuset ditt spr\u00e5kvask, eller en runde med korrektur? Vi tilbyr spr\u00e5kvaskere og korrekturlesere som hever og kvalitetssikrer teksten.<\/p>\n<h6><a href=\"https:\/\/www.giutbok.no\/kontakt-oss?forfatterguide-2&amp;utm_term=gi%20ut%20bok&amp;utm_campaign=Giutbok1&amp;utm_source=adwords&amp;utm_medium=ppc&amp;hsa_acc=3866132064&amp;hsa_cam=1445676219&amp;hsa_grp=56151989197&amp;hsa_ad=519742559742&amp;hsa_src=g&amp;hsa_tgt=kwd-501792466752&amp;hsa_kw=gi%20ut%20bok&amp;hsa_mt=b&amp;hsa_net=adwords&amp;hsa_ver=3&amp;gclid=CjwKCAjw0dKXBhBPEiwA2bmObZ71GQtIfW2_lvVDYBU8sdK62o5q8hjk6KwqSlP0tEbzLh9nbin_JhoCUzoQAvD_BwE\" target=\"_blank\" style=\"outline: none;\" rel=\"noopener\">Omslag og trykk<\/a><\/h6>\n<p>Omslaget er historiens ansikt, s\u00e5 dette tar vi ikke lett p\u00e5 hos oss. Vi har gode designere, og du f\u00e5r hjelp til \u00e5 velge forside. Vi s\u00f8rger &nbsp;ogs\u00e5 for ombrekk og trykk av boken.<\/p>\n<h3 style=\"text-align: center;\">Trenger du r\u00e5d?<\/h3>\n<p>Jeg tar gjerne en prat med deg for \u00e5 veilede deg videre i prosessen. Dette er helt gratis for deg. Du kan booke en uforpliktende samtale med meg her, s\u00e5 finner vi den beste veien for deg akkurat n\u00e5.<\/p>\n<h2 style=\"text-align: center;\">N\u00e5r manuset er klart for \u00e5 bli bok&nbsp;<\/h2>\n<p style=\"text-align: center;\"><strong>\u2013 Er det smartest \u00e5 fors\u00f8ke et etablert forlag eller bli indieforfatter?<\/strong><\/p>\n<p>Dette sp\u00f8rsm\u00e5let f\u00e5r vi hele tiden. Og svaret vil variere. Derfor vil vi gjerne gi deg individuell r\u00e5dgivning, s\u00e5 vi er sikre p\u00e5 at du finner den beste veien for deg og ditt manus (book gjerne en time over).&nbsp;<\/p>\n<p>Det vi uansett kan si er at det er mange fordeler med uavhengig publisering \u2013 alts\u00e5 \u00e5 gi ut boken selv. Ekstra fordelaktig er det dersom du har kontakt med m\u00e5lgruppa og er til stede i digitale kanaler. Da kan du s\u00f8rge for at boken selger over flere \u00e5r, fremfor at den &#8220;d\u00f8r ut&#8221; p\u00e5 et forlag. Gir du ut selv, har du ogs\u00e5 alle rettigheter til eget verk og inntektene g\u00e5r rett til deg.<\/p>\n<p>Hvis du derimot ikke har penger til \u00e5 investere i produksjon av boken, og ikke har noe nettverk der du kan selge boken, kan det v\u00e6re lurest \u00e5 fors\u00f8ke et etablert forlag.<\/p>\n<p>Husk at du uansett m\u00e5 v\u00e6re med p\u00e5 \u00e5 markedsf\u00f8re boken, sammen med forlaget, den jobben kommer du ikke unna.&nbsp;<\/p>\n<p><strong>Bestemt deg for \u00e5 gi ut selv? La oss hjelpe deg videre i prosessen!<\/strong><\/p>\n<h3 style=\"text-align: center;\"><strong>Gi ut selv?<\/strong><\/h3>\n<h2 style=\"text-align: center;\">Vi hjelper deg under hele prosessen \u2013 ogs\u00e5 med&nbsp;<strong>markedsf\u00f8ring<\/strong> av boken.<\/h2>\n<p>Forfatterskolen samarbeider n\u00e5 med <a href=\"https:\/\/www.giutbok.no\/kontakt-oss?forfatterguide-2&amp;utm_term=gi%20ut%20bok&amp;utm_campaign=Giutbok1&amp;utm_source=adwords&amp;utm_medium=ppc&amp;hsa_acc=3866132064&amp;hsa_cam=1445676219&amp;hsa_grp=56151989197&amp;hsa_ad=519742559742&amp;hsa_src=g&amp;hsa_tgt=kwd-501792466752&amp;hsa_kw=gi%20ut%20bok&amp;hsa_mt=b&amp;hsa_net=adwords&amp;hsa_ver=3&amp;gclid=CjwKCAjw0dKXBhBPEiwA2bmObenbY940HYIqNEdWb-caWoDdcqB6XzYuQbYtkSdens74Hz5r6pJUVRoCzVIQAvD_BwE\" target=\"_blank\" style=\"outline: none;\" rel=\"noopener\">giutbok.no<\/a>. Det betyr at du enkelt og raskt kan g\u00e5 fra \u00e5 v\u00e6re en skribent til \u00e5 bli en publisert forfatter.<\/p>\n<p>Vi tilstreber kvalitet i alle ledd, s\u00e5 du kan g\u00e5 ut i verden og tilby boken din med rak rygg. Du f\u00e5r hjelp og veiledning p\u00e5 alle stadier i prosessen, av mennesker med bred kunnskap og erfaring fra bokproduksjon. <strong>Du f\u00e5r ogs\u00e5 eksperthjelp til noe av det aller viktigste: Markedsf\u00f8ring av boken!<\/strong><\/p>\n<p>Kristin Flood er bare en av mange som er forn\u00f8yd med <em>giut<\/em><em>bok.no, o<\/em>g som opplever stor suksess med uavhengig publisering (se video). Book gjerne en uforpliktende prat med <em>giutbok.no<\/em>, for \u00e5 h\u00f8re om dine muligheter for \u00e5 gi ut boken selv.<\/p>\n<h3 style=\"text-align: center;\">Hva folk sier om Forfatterskolen og giutbok.no:<\/h3>\n<p style=\"text-align: center;\">Visste du at Forfatterskolen har hjulpet mange elever med \u00e5 bli antatt, og giutbok.no har hjulpet flerfoldige med \u00e5 gi ut sin egen bok? N\u00e5 \u00f8nsker vi oss flere forn\u00f8yde elever og selvpublisister \u2013 som kan realisere <strong>dr\u00f8mmen om egen bok mellom hendene!<\/strong><\/p>\n<p><span style=\"width: 100%;\"><img decoding=\"async\" alt=\"\" width=\"85\" height=\"86\" title=\"Online_Course_person1_03\" data-id=\"31210\" src=\"https:\/\/selvpublisering.forfatterskolen.no\/wp-content\/uploads\/2022\/09\/Online_Course_person1_03-1.jpg\" style=\"\" data-width=\"85\" data-height=\"86\" data-init-width=\"104\" data-init-height=\"105\" loading=\"lazy\"><\/span><\/p>\n<p><strong><strong><strong>Vigdis Amundsen<\/strong><\/strong><\/strong><\/p>\n<p>Elev<\/p>\n<p style=\"text-align: left;\">Verkt\u00f8y og profesjonalitet<\/p>\n<p style=\"\"><!--StartFragment-->Forfatterskolens tilbud har gitt meg den st\u00f8rste og beste gaven siden jeg fikk sykkel til min 7 \u00e5rs dag, nemlig frihet og enorm glede. Det bobler over! Skrivesperre, hva i alle dager er det? \u00c5 f\u00e5 oppleve Forfatterskolens profesjonalitet og verkt\u00f8y skulle alle skrivende ha f\u00e5tt opplevd!<\/p>\n<p style=\"\"><!--EndFragment--><\/p>\n<p><span style=\"width: 100%;\"><img decoding=\"async\" alt=\"\" width=\"85\" height=\"86\" title=\"Ingunn-Astrup-150x150\" data-id=\"95\" src=\"https:\/\/selvpublisering.forfatterskolen.no\/wp-content\/uploads\/2022\/09\/Ingunn-Astrup-150x150-1.jpeg\" style=\"\" data-width=\"85\" data-height=\"86\" data-init-width=\"150\" data-init-height=\"150\" loading=\"lazy\"><\/span><\/p>\n<p><strong><strong><strong><\/strong><\/strong><\/strong>Ingunn Astrup<\/p>\n<p>Elev<\/p>\n<p style=\"text-align: left;\"><strong>Nyttig og inspirerende<\/strong><\/p>\n<p style=\"\"><!--StartFragment-->\u200b<span>Tusen takk for kurset som inspirerer meg til \u00e5 komme videre i en vanskelig skriveprosess! Kurset har gitt meg mye nyttig teori og hjulpet meg med \u00e5 skrive bedre. Dette har igjen gitt meg st\u00f8rre skriveglede.<\/span><\/p>\n<p style=\"\"><!--EndFragment--><\/p>\n<p><span style=\"width: 100%;\"><img decoding=\"async\" alt=\"\" width=\"85\" height=\"86\" title=\"Skjermbilde-2020-11-18-kl.-20.41.15-150x150\" data-id=\"141\" src=\"https:\/\/selvpublisering.forfatterskolen.no\/wp-content\/uploads\/2022\/09\/Skjermbilde-2020-11-18-kl.-20.41.15-150x150-1-1.png\" style=\"\" data-width=\"85\" data-height=\"86\" data-init-width=\"150\" data-init-height=\"150\" loading=\"lazy\"><\/span><\/p>\n<p><strong><strong><strong><strong><strong>Ingeborg&nbsp;<\/strong><\/strong><\/strong><\/strong><\/strong><\/p>\n<p>Elev<\/p>\n<p style=\"text-align: left;\"><strong>Skriveglede og skrivemotivasjon<\/strong><\/p>\n<p style=\"\"><!--StartFragment--><span>Eg skal gje ut digital lesebok for barn. Det er s\u00e5 vilt, s\u00e5 ekstatisk! Dette er takka vera Gro Dahle som har gitt meg trua p\u00e5 meg sj\u00f8lv, og Forfattarskulen si formidling av skriveglede og skrivemotivasjon gjennom kurs og webinarer.<\/span><!--EndFragment--><\/p>\n<p style=\"text-align: center;\">F\u00f8lge Forfatterskolen her for skrivetips og inspiasjon:<\/p>\n<p><a href=\"https:\/\/www.facebook.com\/bliforfatter\/\" target=\"_blank\" rel=\"noopener\">                    <\/a><a href=\"https:\/\/www.instagram.com\/forfatterskolen_norge\" target=\"_blank\" rel=\"noopener\"><\/a><a href=\"https:\/\/www.youtube.com\/channel\/UCVHfkyzO5CByqlsoGPVvI4A\" target=\"_blank\" rel=\"noopener\"><\/a><\/p>\n<h3>Vi er her for deg!<\/h3>\n<p>Fremdeles usikker p\u00e5 hva du skal gj\u00f8re? Husk at du kan booke en prat med meg, n\u00e5 som helst, s\u00e5 skal jeg r\u00e5dgi deg som best jeg kan.&nbsp;<\/p>\n<p>Du kan enten kontakte med her, via e-post, eller rett og slett sl\u00e5 p\u00e5 tr\u00e5den: 411 23 555.<\/p>\n<p>Jeg har ikke telefonskrekk \ud83d\ude42<\/p>\n<p><span style=\"width: 100%;\"><img decoding=\"async\" alt=\"\" width=\"173\" height=\"173\" title=\"Kristine-)\" data-id=\"150\" src=\"https:\/\/selvpublisering.forfatterskolen.no\/wp-content\/uploads\/2022\/09\/Kristine-1-1.png\" style=\"\" ml-d=\"0\" data-width=\"173\" data-height=\"173\" data-init-width=\"600\" data-init-height=\"600\" loading=\"lazy\"><\/span><\/p>\n<h3 style=\"\">Forfatterskolen er landets st\u00f8rste skriveskole<\/h3>\n<p>1000+<\/p>\n<p>Elever<\/p>\n<p>100+<\/p>\n<p>Utgitte elever&nbsp;<\/p>\n<p>10+<\/p>\n<p>Profesjonelle redakt\u00f8rer<\/p>\n","protected":false},"excerpt":{"rendered":"<p>Vil du gi ut boken din selv? Vi hjelper deg videre! Tre muligheter Redakt\u00f8r En profesjonell redakt\u00f8r vil gi deg konkret tilbakemelding p\u00e5 hvordan du kan utvikle manuset, s\u00e5 det blir best mulig f\u00f8r publisering. Spr\u00e5kvask og korrektur Trenger manuset ditt spr\u00e5kvask, eller en runde med korrektur? Vi tilbyr spr\u00e5kvaskere og korrekturlesere som hever og [&hellip;]<\/p>\n","protected":false},"author":1,"featured_media":0,"parent":0,"menu_order":0,"comment_status":"closed","ping_status":"closed","template":"","meta":{"footnotes":""},"class_list":["post-76","page","type-page","status-publish","hentry","post-wrapper","thrv_wrapper"],"_links":{"self":[{"href":"https:\/\/selvpublisering.forfatterskolen.no\/index.php?rest_route=\/wp\/v2\/pages\/76","targetHints":{"allow":["GET"]}}],"collection":[{"href":"https:\/\/selvpublisering.forfatterskolen.no\/index.php?rest_route=\/wp\/v2\/pages"}],"about":[{"href":"https:\/\/selvpublisering.forfatterskolen.no\/index.php?rest_route=\/wp\/v2\/types\/page"}],"author":[{"embeddable":true,"href":"https:\/\/selvpublisering.forfatterskolen.no\/index.php?rest_route=\/wp\/v2\/users\/1"}],"replies":[{"embeddable":true,"href":"https:\/\/selvpublisering.forfatterskolen.no\/index.php?rest_route=%2Fwp%2Fv2%2Fcomments&post=76"}],"version-history":[{"count":9,"href":"https:\/\/selvpublisering.forfatterskolen.no\/index.php?rest_route=\/wp\/v2\/pages\/76\/revisions"}],"predecessor-version":[{"id":102,"href":"https:\/\/selvpublisering.forfatterskolen.no\/index.php?rest_route=\/wp\/v2\/pages\/76\/revisions\/102"}],"wp:attachment":[{"href":"https:\/\/selvpublisering.forfatterskolen.no\/index.php?rest_route=%2Fwp%2Fv2%2Fmedia&parent=76"}],"curies":[{"name":"wp","href":"https:\/\/api.w.org\/{rel}","templated":true}]}}